{"id":50,"date":"2024-03-05T16:18:34","date_gmt":"2024-03-05T15:18:34","guid":{"rendered":"https:\/\/institutomedicoviator.somostudosis.com\/?page_id=50"},"modified":"2024-03-07T20:11:07","modified_gmt":"2024-03-07T19:11:07","slug":"tratamientos-corporales","status":"publish","type":"page","link":"https:\/\/institutomedicoviator.somostudosis.com\/index.php\/tratamientos-corporales\/","title":{"rendered":"Tratamientos corporales"},"content":{"rendered":"\t\t<div data-elementor-type=\"wp-page\" data-elementor-id=\"50\" class=\"elementor elementor-50\" data-elementor-post-type=\"page\">\n\t\t\t\t<div class=\"elementor-element elementor-element-bb03e05 e-flex e-con-boxed e-con e-parent\" data-id=\"bb03e05\" data-element_type=\"container\" data-settings=\"{&quot;background_background&quot;:&quot;classic&quot;,&quot;content_width&quot;:&quot;boxed&quot;}\" data-core-v316-plus=\"true\">\n\t\t\t\t\t<div class=\"e-con-inner\">\n\t\t<div class=\"elementor-element elementor-element-0d17c5a e-con-full e-flex e-con e-child\" data-id=\"0d17c5a\" data-element_type=\"container\" data-settings=\"{&quot;content_width&quot;:&quot;full&quot;}\">\n\t\t\t\t<div class=\"elementor-element elementor-element-e0cdd00 elementor-widget elementor-widget-text-editor\" data-id=\"e0cdd00\" data-element_type=\"widget\" data-widget_type=\"text-editor.default\">\n\t\t\t\t<div class=\"elementor-widget-container\">\n\t\t\t<style>\/*! elementor - v3.19.0 - 28-02-2024 *\/\n.elementor-widget-text-editor.elementor-drop-cap-view-stacked .elementor-drop-cap{background-color:#69727d;color:#fff}.elementor-widget-text-editor.elementor-drop-cap-view-framed .elementor-drop-cap{color:#69727d;border:3px solid;background-color:transparent}.elementor-widget-text-editor:not(.elementor-drop-cap-view-default) .elementor-drop-cap{margin-top:8px}.elementor-widget-text-editor:not(.elementor-drop-cap-view-default) .elementor-drop-cap-letter{width:1em;height:1em}.elementor-widget-text-editor .elementor-drop-cap{float:left;text-align:center;line-height:1;font-size:50px}.elementor-widget-text-editor .elementor-drop-cap-letter{display:inline-block}<\/style>\t\t\t\t<p>Los\u00a0<strong>tratamientos corporales<\/strong>\u00a0aportan un beneficio tanto para la mente como para el cuerpo, y los puedes combinar a tu medida, siempre bajo supervisi\u00f3n m\u00e9dica.<\/p>\t\t\t\t\t\t<\/div>\n\t\t\t\t<\/div>\n\t\t\t\t<\/div>\n\t\t<div class=\"elementor-element elementor-element-d62545b e-con-full e-flex e-con e-child\" data-id=\"d62545b\" data-element_type=\"container\" data-settings=\"{&quot;content_width&quot;:&quot;full&quot;}\">\n\t\t\t\t<\/div>\n\t\t\t\t\t<\/div>\n\t\t\t\t<\/div>\n\t\t<div class=\"elementor-element elementor-element-d112593 e-flex e-con-boxed e-con e-parent\" data-id=\"d112593\" data-element_type=\"container\" data-settings=\"{&quot;content_width&quot;:&quot;boxed&quot;}\" data-core-v316-plus=\"true\">\n\t\t\t\t\t<div class=\"e-con-inner\">\n\t\t\t\t<div class=\"elementor-element elementor-element-b6548ff elementor-widget__width-initial elementor-widget elementor-widget-text-editor\" data-id=\"b6548ff\" data-element_type=\"widget\" data-widget_type=\"text-editor.default\">\n\t\t\t\t<div class=\"elementor-widget-container\">\n\t\t\t\t\t\t\t<div class=\"container\"><div class=\"row\"><div class=\"col-xs-12 col-md-offset-1 col-md-10\"><div class=\"section-header\"><div class=\"section-intro\">Los\u00a0<strong>tratamientos corporales<\/strong> que ofrecemos son todos tratamientos de est\u00e9tica y medicina est\u00e9tica orientados a cuidar tu cuerpo sin cirug\u00eda. Generalmente optan por esta opci\u00f3n quienes quiere mejorar su silueta o tratar problemas tan frecuentes como la celulitis, la grasa localizada o la flacidez. Siempre para quienes no quieren someterse a tratamientos de cirug\u00eda est\u00e9tica o m\u00e1s invasivos.<\/div><\/div><\/div><\/div><\/div><div class=\"container\"><div class=\"row\"><div class=\"col-xs-12 col-sm-6\"><div class=\"widget-problem\">\u00a0<\/div><\/div><\/div><\/div>\t\t\t\t\t\t<\/div>\n\t\t\t\t<\/div>\n\t\t\t\t\t<\/div>\n\t\t\t\t<\/div>\n\t\t<div class=\"elementor-element elementor-element-e18ff49 e-flex e-con-boxed e-con e-parent\" data-id=\"e18ff49\" data-element_type=\"container\" data-settings=\"{&quot;content_width&quot;:&quot;boxed&quot;}\" data-core-v316-plus=\"true\">\n\t\t\t\t\t<div class=\"e-con-inner\">\n\t\t<div class=\"elementor-element elementor-element-f568161 e-con-full e-flex e-con e-child\" data-id=\"f568161\" data-element_type=\"container\" data-settings=\"{&quot;content_width&quot;:&quot;full&quot;}\">\n\t\t\t\t<div class=\"elementor-element elementor-element-1206ea0 elementor-widget elementor-widget-ucaddon_image_card_content_box\" data-id=\"1206ea0\" data-element_type=\"widget\" data-widget_type=\"ucaddon_image_card_content_box.default\">\n\t\t\t\t<div class=\"elementor-widget-container\">\n\t\t\t<!-- start Image Card -->\n\t\t\t<style type=\"text\/css\">\/* widget: Image Card *\/\n\n.uc_classic_content *{\n\tbox-sizing: border-box;\n}\n\n#uc_image_card_content_box_elementor_1206ea0 \n{\n\tfont-size:14px;\n\toverflow:hidden;\n\tcolor:#8a8a8a;\n\ttext-align:left;\n\tposition:relative;\n\twidth:100%;\n    box-shadow:rgba(0,0,0,0.10) 0px 5px 20px;\n}\n\n.uc_classic_content .uc_classic_content_content h2\n{\n\tfont-size:21px;\n    color:black;\n}\n\n.uc_classic_content .uc_classic_content_content p\n{\n\tline-height:1.5em;\n}\n\n.uc_classic_content .uc_classic_content_border\n{\n\tdisplay:block;\n    margin: 0 auto;\n}\n\n.uc_classic_content  .uc_classic_content_placeholder img\n{\n\twidth:100%;\n    object-fit:cover;\n}\n\n#uc_image_card_content_box_elementor_1206ea0 .uc_classic_content_content \n{\n display: flex;\n flex-flow: column nowrap;\n}\n#uc_image_card_content_box_elementor_1206ea0 .btn_wrap\n{\n  margin-top:auto;\n}\n#uc_image_card_content_box_elementor_1206ea0 .uc_classic_content_content .uc_more_btn {\n\tdisplay:inline-block;\n\ttext-decoration:none;\n\ttransition: all 0.3s ease;\n    border-style:solid;\n    text-align:center;\n    \n\n}\n\n\n\n\n\n<\/style>\n\n\t\t\t<div class=\"uc_classic_content\" id=\"uc_image_card_content_box_elementor_1206ea0\">\n  <span class=\"uc_classic_content_border\"><\/span>\n    \t<div class=\"uc_classic_content_container_holder\">\n                  \t<div class=\"uc_classic_content_placeholder\">\n                <a href=\"#\" >        \t\t<img decoding=\"async\" src=\"https:\/\/institutomedicoviator.somostudosis.com\/wp-content\/uploads\/2024\/03\/ejercicios-contra-la-celulitis.webp\" alt=\"ejercicios-contra-la-celulitis\">\n                <\/a>            <\/div>\n                      <div class=\"uc_classic_content_content\">\n              <h2 class=\"ue-title\">Eliminaci\u00f3n de celulitis<\/h2>              <div class=\"ue-text\"><p>Con este\u00a0<strong>tratamiento para la celulitis<\/strong>\u00a0recuperar\u00e1s la firmeza de la piel con una de las t\u00e9cnicas m\u00e1s avanzadas y con el mejor equipo a tu alcance. Adem\u00e1s, es un tratamiento muy efectivo para pacientes que presentan celulitis edematosa, fibrosa, fl\u00e1cida y fibrosa avanzada.<\/p><\/div>              \n                            \t\t<div class=\"btn_wrap\"><a class=\"uc_more_btn \" href=\"#\" >Leer m\u00e1s<\/a><\/div>\n              \n            <\/div>\n        <\/div>\n   <\/div>\n\t\t\t<!-- end Image Card -->\t\t<\/div>\n\t\t\t\t<\/div>\n\t\t\t\t<div class=\"elementor-element elementor-element-4c1e895 elementor-widget elementor-widget-ucaddon_image_card_content_box\" data-id=\"4c1e895\" data-element_type=\"widget\" data-widget_type=\"ucaddon_image_card_content_box.default\">\n\t\t\t\t<div class=\"elementor-widget-container\">\n\t\t\t<!-- start Image Card -->\n\t\t\t<style type=\"text\/css\">\/* widget: Image Card *\/\n\n.uc_classic_content *{\n\tbox-sizing: border-box;\n}\n\n#uc_image_card_content_box_elementor_4c1e895 \n{\n\tfont-size:14px;\n\toverflow:hidden;\n\tcolor:#8a8a8a;\n\ttext-align:left;\n\tposition:relative;\n\twidth:100%;\n    box-shadow:rgba(0,0,0,0.10) 0px 5px 20px;\n}\n\n.uc_classic_content .uc_classic_content_content h2\n{\n\tfont-size:21px;\n    color:black;\n}\n\n.uc_classic_content .uc_classic_content_content p\n{\n\tline-height:1.5em;\n}\n\n.uc_classic_content .uc_classic_content_border\n{\n\tdisplay:block;\n    margin: 0 auto;\n}\n\n.uc_classic_content  .uc_classic_content_placeholder img\n{\n\twidth:100%;\n    object-fit:cover;\n}\n\n#uc_image_card_content_box_elementor_4c1e895 .uc_classic_content_content \n{\n display: flex;\n flex-flow: column nowrap;\n}\n#uc_image_card_content_box_elementor_4c1e895 .btn_wrap\n{\n  margin-top:auto;\n}\n#uc_image_card_content_box_elementor_4c1e895 .uc_classic_content_content .uc_more_btn {\n\tdisplay:inline-block;\n\ttext-decoration:none;\n\ttransition: all 0.3s ease;\n    border-style:solid;\n    text-align:center;\n    \n\n}\n\n\n\n\n\n<\/style>\n\n\t\t\t<div class=\"uc_classic_content\" id=\"uc_image_card_content_box_elementor_4c1e895\">\n  <span class=\"uc_classic_content_border\"><\/span>\n    \t<div class=\"uc_classic_content_container_holder\">\n                  \t<div class=\"uc_classic_content_placeholder\">\n                <a href=\"#\" >        \t\t<img decoding=\"async\" src=\"https:\/\/institutomedicoviator.somostudosis.com\/wp-content\/uploads\/2024\/03\/shutterstock_1239925096-scaled-1.webp\" alt=\"shutterstock_1239925096-scaled\">\n                <\/a>            <\/div>\n                      <div class=\"uc_classic_content_content\">\n              <h2 class=\"ue-title\">Eliminaci\u00f3n de manchas<\/h2>              <div class=\"ue-text\"><p>Tratamientos para la eliminaci\u00f3n de las manchas solares:<br \/>\u00b7 Peeling<br \/>\u00b7 IPL tecnolog\u00eda l\u00e1ser de \u00faltima generaci\u00f3n Nordlys Candela<\/p><\/div>              \n                            \t\t<div class=\"btn_wrap\"><a class=\"uc_more_btn \" href=\"#\" >Leer m\u00e1s<\/a><\/div>\n              \n            <\/div>\n        <\/div>\n   <\/div>\n\t\t\t<!-- end Image Card -->\t\t<\/div>\n\t\t\t\t<\/div>\n\t\t\t\t<\/div>\n\t\t<div class=\"elementor-element elementor-element-171cbdc e-con-full e-flex e-con e-child\" data-id=\"171cbdc\" data-element_type=\"container\" data-settings=\"{&quot;content_width&quot;:&quot;full&quot;}\">\n\t\t\t\t<div class=\"elementor-element elementor-element-9e10fe2 elementor-widget elementor-widget-ucaddon_image_card_content_box\" data-id=\"9e10fe2\" data-element_type=\"widget\" data-widget_type=\"ucaddon_image_card_content_box.default\">\n\t\t\t\t<div class=\"elementor-widget-container\">\n\t\t\t<!-- start Image Card -->\n\t\t\t<style type=\"text\/css\">\/* widget: Image Card *\/\n\n.uc_classic_content *{\n\tbox-sizing: border-box;\n}\n\n#uc_image_card_content_box_elementor_9e10fe2 \n{\n\tfont-size:14px;\n\toverflow:hidden;\n\tcolor:#8a8a8a;\n\ttext-align:left;\n\tposition:relative;\n\twidth:100%;\n    box-shadow:rgba(0,0,0,0.10) 0px 5px 20px;\n}\n\n.uc_classic_content .uc_classic_content_content h2\n{\n\tfont-size:21px;\n    color:black;\n}\n\n.uc_classic_content .uc_classic_content_content p\n{\n\tline-height:1.5em;\n}\n\n.uc_classic_content .uc_classic_content_border\n{\n\tdisplay:block;\n    margin: 0 auto;\n}\n\n.uc_classic_content  .uc_classic_content_placeholder img\n{\n\twidth:100%;\n    object-fit:cover;\n}\n\n#uc_image_card_content_box_elementor_9e10fe2 .uc_classic_content_content \n{\n display: flex;\n flex-flow: column nowrap;\n}\n#uc_image_card_content_box_elementor_9e10fe2 .btn_wrap\n{\n  margin-top:auto;\n}\n#uc_image_card_content_box_elementor_9e10fe2 .uc_classic_content_content .uc_more_btn {\n\tdisplay:inline-block;\n\ttext-decoration:none;\n\ttransition: all 0.3s ease;\n    border-style:solid;\n    text-align:center;\n    \n\n}\n\n\n\n\n\n<\/style>\n\n\t\t\t<div class=\"uc_classic_content\" id=\"uc_image_card_content_box_elementor_9e10fe2\">\n  <span class=\"uc_classic_content_border\"><\/span>\n    \t<div class=\"uc_classic_content_container_holder\">\n                  \t<div class=\"uc_classic_content_placeholder\">\n                <a href=\"#\" >        \t\t<img decoding=\"async\" src=\"https:\/\/institutomedicoviator.somostudosis.com\/wp-content\/uploads\/2024\/03\/293707461_181850867612038_6923981879214568933_n.webp\" alt=\"293707461_181850867612038_6923981879214568933_n\">\n                <\/a>            <\/div>\n                      <div class=\"uc_classic_content_content\">\n              <h2 class=\"ue-title\">Depilaci\u00f3n definitiva<\/h2>              <div class=\"ue-text\"><p>Ponemos a tu disposici\u00f3n el laser de diodo m\u00e1s r\u00e1pido del mercado para lograr una depilaci\u00f3n permanente, con un spot de 7cm 2 , y una potencia de 2400 watios, conseguimos depilar un cuerpo completo en menos de una hora, con la m\u00e1xima seguridad y eficacia.<\/p><\/div>              \n                            \t\t<div class=\"btn_wrap\"><a class=\"uc_more_btn \" href=\"#\" >Leer m\u00e1s<\/a><\/div>\n              \n            <\/div>\n        <\/div>\n   <\/div>\n\t\t\t<!-- end Image Card -->\t\t<\/div>\n\t\t\t\t<\/div>\n\t\t\t\t<\/div>\n\t\t\t\t\t<\/div>\n\t\t\t\t<\/div>\n\t\t<div class=\"elementor-element elementor-element-943944e e-flex e-con-boxed e-con e-parent\" data-id=\"943944e\" data-element_type=\"container\" data-settings=\"{&quot;content_width&quot;:&quot;boxed&quot;}\" data-core-v316-plus=\"true\">\n\t\t\t\t\t<div class=\"e-con-inner\">\n\t\t<div class=\"elementor-element elementor-element-8786322 e-con-full e-flex e-con e-child\" data-id=\"8786322\" data-element_type=\"container\" data-settings=\"{&quot;content_width&quot;:&quot;full&quot;}\">\n\t\t\t\t<div class=\"elementor-element elementor-element-cb2b9ae ekit-equal-height-disable elementor-widget elementor-widget-elementskit-icon-box\" data-id=\"cb2b9ae\" data-element_type=\"widget\" data-widget_type=\"elementskit-icon-box.default\">\n\t\t\t\t<div class=\"elementor-widget-container\">\n\t\t\t<div class=\"ekit-wid-con\" >        <!-- link opening -->\n                <!-- end link opening -->\n\n        <div class=\"elementskit-infobox text-left text-left icon-top-align elementor-animation-   \">\n                    <div class=\"elementskit-box-header elementor-animation-\">\n                <div class=\"elementskit-info-box-icon  \">\n                    <i aria-hidden=\"true\" class=\"elementkit-infobox-icon icon icon-doctor\"><\/i>\n                <\/div>\n          <\/div>\n                        <div class=\"box-body\">\n                            <h3 class=\"elementskit-info-box-title\">\n                    Solicita Informaci\u00f3n                <\/h3>\n                        \t\t  <p>\u00bfDudas? Ponte en contacto con nosotros. Nuestro equipo de especialistas resolver\u00e1 tus dudas al instante.<\/p>\n                                        <div class=\"box-footer disable_hover_button\">\n                    <div class=\"btn-wraper\">\n                                                            <a href=\"#\" target=\"_self\" rel=\"\" class=\"elementskit-btn whitespace--normal elementor-animation-\">\n                                                                                Cons\u00faltanos                                    <\/a>\n                                                        <\/div>\n                <\/div>\n                    <\/div>\n        \n        \n                <\/div>\n        <\/div>\t\t<\/div>\n\t\t\t\t<\/div>\n\t\t\t\t<\/div>\n\t\t<div class=\"elementor-element elementor-element-b74b414 e-con-full e-flex e-con e-child\" data-id=\"b74b414\" data-element_type=\"container\" data-settings=\"{&quot;content_width&quot;:&quot;full&quot;}\">\n\t\t\t\t<div class=\"elementor-element elementor-element-8444af4 ekit-equal-height-disable elementor-widget elementor-widget-elementskit-icon-box\" data-id=\"8444af4\" data-element_type=\"widget\" data-widget_type=\"elementskit-icon-box.default\">\n\t\t\t\t<div class=\"elementor-widget-container\">\n\t\t\t<div class=\"ekit-wid-con\" >        <!-- link opening -->\n                <!-- end link opening -->\n\n        <div class=\"elementskit-infobox text-left text-left icon-top-align elementor-animation-   \">\n                    <div class=\"elementskit-box-header elementor-animation-\">\n                <div class=\"elementskit-info-box-icon  \">\n                    <i aria-hidden=\"true\" class=\"elementkit-infobox-icon icon icon-pen_shape\"><\/i>\n                <\/div>\n          <\/div>\n                        <div class=\"box-body\">\n                            <h3 class=\"elementskit-info-box-title\">\n                    Pide Cita Ahora                <\/h3>\n                        \t\t  <p>Reserva tu cita a trav\u00e9s de nuestro Formulario y acude directamente a una primera sesi\u00f3n con un especialista.<\/p>\n                                        <div class=\"box-footer disable_hover_button\">\n                    <div class=\"btn-wraper\">\n                                                            <a href=\"#\" target=\"_self\" rel=\"\" class=\"elementskit-btn whitespace--normal elementor-animation-\">\n                                                                                Solicita una cita                                    <\/a>\n                                                        <\/div>\n                <\/div>\n                    <\/div>\n        \n        \n                <\/div>\n        <\/div>\t\t<\/div>\n\t\t\t\t<\/div>\n\t\t\t\t<\/div>\n\t\t\t\t\t<\/div>\n\t\t\t\t<\/div>\n\t\t<div class=\"elementor-element elementor-element-d2f6128 e-con-full e-flex e-con e-parent\" data-id=\"d2f6128\" data-element_type=\"container\" data-settings=\"{&quot;content_width&quot;:&quot;full&quot;}\" data-core-v316-plus=\"true\">\n\t\t\t\t<div class=\"elementor-element elementor-element-16fcba8 elementor-widget elementor-widget-ucaddon_justified_image_carousel\" data-id=\"16fcba8\" data-element_type=\"widget\" data-widget_type=\"ucaddon_justified_image_carousel.default\">\n\t\t\t\t<div class=\"elementor-widget-container\">\n\t\t\t<!-- start Justified Image Carousel -->\n\t\t<link id='font-awesome-css' href='https:\/\/institutomedicoviator.somostudosis.com\/wp-content\/plugins\/unlimited-elements-for-elementor-premium\/assets_libraries\/font-awesome5\/css\/fontawesome-all.min.css' type='text\/css' rel='stylesheet' >\n\t\t<link id='font-awesome-4-shim-css' href='https:\/\/institutomedicoviator.somostudosis.com\/wp-content\/plugins\/unlimited-elements-for-elementor-premium\/assets_libraries\/font-awesome5\/css\/fontawesome-v4-shims.css' type='text\/css' rel='stylesheet' >\n\t\t<link id='owl-carousel-css' href='https:\/\/institutomedicoviator.somostudosis.com\/wp-content\/plugins\/unlimited-elements-for-elementor-premium\/assets_libraries\/owl-carousel-new\/assets\/owl.carousel.css' type='text\/css' rel='stylesheet' >\n\t\t<link id='fancybox-css' href='https:\/\/institutomedicoviator.somostudosis.com\/wp-content\/plugins\/unlimited-elements-for-elementor-premium\/assets_libraries\/fancybox3\/jquery.fancybox.min.css' type='text\/css' rel='stylesheet' >\n\n\t\t\t<style type=\"text\/css\">\/* widget: Justified Image Carousel *\/\n\n#uc_justified_image_carousel_elementor_16fcba8{\n  min-height:1px;\n}\n\n#uc_justified_image_carousel_elementor_16fcba8-wrapper\n{\n  min-height:1px;\n}\n\n#uc_justified_image_carousel_elementor_16fcba8 img{\n  height:300px !important;\n}\n\n\n@media only screen and (max-width: 1024px) {\n  #uc_justified_image_carousel_elementor_16fcba8 img{\n    height: !important;\n  }\n}\n\n@media only screen and (max-width: 767px) {\n  \n  #uc_justified_image_carousel_elementor_16fcba8 img{\n    height:130px !important;\n  }\n  \n  }\n\n\n#uc_justified_image_carousel_elementor_16fcba8 .ue-item\n{\n  overflow:hidden;\n}\n\n#uc_justified_image_carousel_elementor_16fcba8 .item_title\n{\n      position:absolute;  \n    bottom:0;\n    width:100%;\n}\n\n\n#uc_justified_image_carousel_elementor_16fcba8 .owl-nav .owl-prev{\n    position:absolute;\n    \/* left:0pxpx; *\/\n    display:inline-block;\n    text-align:center;\n}\n#uc_justified_image_carousel_elementor_16fcba8 .owl-nav .owl-next{\n  position:absolute;\n  \/* right:0pxpx; *\/\n  display:inline-block;\n  text-align:center;\n}\n\n\n\n.fancybox-button,\n.fancybox-button svg path{\t\n  color: ;\n}\n.fancybox-button{\n  background-color: ;\n}\n\n.fancybox-button:hover,\n.fancybox-button:hover svg path{\t\n  color: ;\n}\n.fancybox-button:hover,\n.fancybox-button:focus{\n  background-color: ;\n}\n\n.fancybox-bg{\n  background: ;\n}\n\n.fancybox-is-open .fancybox-bg{\n  opacity: 0.9 !important;\n}\n\n  .fancybox-infobar{\n\tdisplay: none !important;\n  }\n\t\n\n  .fancybox-button--zoom{\n\tdisplay: none !important;\n  }\n\t\n\n  .fancybox-button--play{\n\tdisplay: none !important;\n  }\n\t\n\n  .fancybox-button--thumbs{\n\tdisplay: none !important;\n  }\n\t\n\n  .fancybox-button--close{\n\tdisplay: none !important;\n  }\n\t\n\n  .fancybox-navigation{\n\tdisplay: none !important;\n  }\n\n\n<\/style>\n\n\t\t\t<div id=\"uc_justified_image_carousel_elementor_16fcba8-wrapper\">\n  <div id=\"uc_justified_image_carousel_elementor_16fcba8\" class=\"owl-carousel owl-theme uc-items-wrapper  \" data-lightbox=\"false\" data-use-elementor-lightbox=\"false\" data-constant-width=\"false\"  >\n      <div class=\"item ue-item\" style=\"position:relative;\">\n  \n    \n  \t<a href=\"#\"  > \n  \t\n  \n    \n    <img fetchpriority=\"high\" decoding=\"async\"  src=\"https:\/\/institutomedicoviator.somostudosis.com\/wp-content\/uploads\/2024\/03\/2019-10-08-10.31.50-1.webp\" alt=\"2019-10-08 10.31\" width=\"680\" height=\"453\" >\n    \n  <\/a>\n  \n  \t\n  \n<\/div>\n<div class=\"item ue-item\" style=\"position:relative;\">\n  \n    \n  \t<a href=\"#\"  > \n  \t\n  \n    \n    <img decoding=\"async\"  src=\"https:\/\/institutomedicoviator.somostudosis.com\/wp-content\/uploads\/2024\/03\/2024-01-18.jpg\" alt=\"2024-01-18\" width=\"680\" height=\"382\" >\n    \n  <\/a>\n  \n  \t\n  \n<\/div>\n<div class=\"item ue-item\" style=\"position:relative;\">\n  \n    \n  \t<a href=\"#\"  > \n  \t\n  \n    \n    <img decoding=\"async\"  src=\"https:\/\/institutomedicoviator.somostudosis.com\/wp-content\/uploads\/2024\/03\/271831260_138647055265753_1349529831396009386_n-768x768.webp\" alt=\"271831260_138647055265753_1349529831396009386_n\" width=\"768\" height=\"768\" >\n    \n  <\/a>\n  \n  \t\n  \n<\/div>\n<div class=\"item ue-item\" style=\"position:relative;\">\n  \n    \n  \t<a href=\"#\"  > \n  \t\n  \n    \n    <img loading=\"lazy\" decoding=\"async\"  src=\"https:\/\/institutomedicoviator.somostudosis.com\/wp-content\/uploads\/2024\/03\/271766968_138647048599087_9077379951104174316_n-768x768.webp\" alt=\"271766968_138647048599087_9077379951104174316_n\" width=\"768\" height=\"768\" >\n    \n  <\/a>\n  \n  \t\n  \n<\/div>\n<div class=\"item ue-item\" style=\"position:relative;\">\n  \n    \n  \t<a href=\"#\"  > \n  \t\n  \n    \n    <img loading=\"lazy\" decoding=\"async\"  src=\"https:\/\/institutomedicoviator.somostudosis.com\/wp-content\/uploads\/2024\/03\/slide3.webp\" alt=\"slide3\" width=\"500\" height=\"400\" >\n    \n  <\/a>\n  \n  \t\n  \n<\/div>\n<div class=\"item ue-item\" style=\"position:relative;\">\n  \n    \n  \t<a href=\"#\"  > \n  \t\n  \n    \n    <img loading=\"lazy\" decoding=\"async\"  src=\"https:\/\/institutomedicoviator.somostudosis.com\/wp-content\/uploads\/2024\/03\/slide4.webp\" alt=\"slide4\" width=\"500\" height=\"400\" >\n    \n  <\/a>\n  \n  \t\n  \n<\/div>\n<div class=\"item ue-item\" style=\"position:relative;\">\n  \n    \n  \t<a href=\"#\"  > \n  \t\n  \n    \n    <img loading=\"lazy\" decoding=\"async\"  src=\"https:\/\/institutomedicoviator.somostudosis.com\/wp-content\/uploads\/2024\/03\/slide6.webp\" alt=\"slide6\" width=\"500\" height=\"400\" >\n    \n  <\/a>\n  \n  \t\n  \n<\/div>\n<div class=\"item ue-item\" style=\"position:relative;\">\n  \n    \n  \t<a href=\"#\"  > \n  \t\n  \n    \n    <img loading=\"lazy\" decoding=\"async\"  src=\"https:\/\/institutomedicoviator.somostudosis.com\/wp-content\/uploads\/2024\/03\/acceso-dermatologia-bilbao-600x517-1.jpg\" alt=\"acceso-dermatologia-bilbao-600x517\" width=\"600\" height=\"517\" >\n    \n  <\/a>\n  \n  \t\n  \n<\/div>\n<div class=\"item ue-item\" style=\"position:relative;\">\n  \n    \n  \t<a href=\"#\"  > \n  \t\n  \n    \n    <img loading=\"lazy\" decoding=\"async\"  src=\"https:\/\/institutomedicoviator.somostudosis.com\/wp-content\/uploads\/2024\/03\/slide9.webp\" alt=\"slide9\" width=\"500\" height=\"400\" >\n    \n  <\/a>\n  \n  \t\n  \n<\/div>\n \n  <\/div>\n<\/div>\n\t\t\t<!-- end Justified Image Carousel -->\t\t<\/div>\n\t\t\t\t<\/div>\n\t\t\t\t<\/div>\n\t\t\t\t<\/div>\n\t\t","protected":false},"excerpt":{"rendered":"<p>Los\u00a0tratamientos corporales\u00a0aportan un beneficio tanto para la mente como para el cuerpo, y los puedes combinar a tu medida, siempre bajo supervisi\u00f3n m\u00e9dica. Los\u00a0tratamientos corporales que ofrecemos son todos tratamientos de est\u00e9tica y medicina est\u00e9tica orientados a cuidar tu cuerpo sin cirug\u00eda. Generalmente optan por esta opci\u00f3n quienes quiere mejorar su silueta o tratar problemas [&hellip;]<\/p>\n","protected":false},"author":1,"featured_media":0,"parent":0,"menu_order":0,"comment_status":"closed","ping_status":"closed","template":"","meta":{"_acf_changed":false,"footnotes":""},"acf":[],"_links":{"self":[{"href":"https:\/\/institutomedicoviator.somostudosis.com\/index.php\/wp-json\/wp\/v2\/pages\/50"}],"collection":[{"href":"https:\/\/institutomedicoviator.somostudosis.com\/index.php\/wp-json\/wp\/v2\/pages"}],"about":[{"href":"https:\/\/institutomedicoviator.somostudosis.com\/index.php\/wp-json\/wp\/v2\/types\/page"}],"author":[{"embeddable":true,"href":"https:\/\/institutomedicoviator.somostudosis.com\/index.php\/wp-json\/wp\/v2\/users\/1"}],"replies":[{"embeddable":true,"href":"https:\/\/institutomedicoviator.somostudosis.com\/index.php\/wp-json\/wp\/v2\/comments?post=50"}],"version-history":[{"count":25,"href":"https:\/\/institutomedicoviator.somostudosis.com\/index.php\/wp-json\/wp\/v2\/pages\/50\/revisions"}],"predecessor-version":[{"id":537,"href":"https:\/\/institutomedicoviator.somostudosis.com\/index.php\/wp-json\/wp\/v2\/pages\/50\/revisions\/537"}],"wp:attachment":[{"href":"https:\/\/institutomedicoviator.somostudosis.com\/index.php\/wp-json\/wp\/v2\/media?parent=50"}],"curies":[{"name":"wp","href":"https:\/\/api.w.org\/{rel}","templated":true}]}}